{"id":1554,"date":"2019-06-03T11:33:06","date_gmt":"2019-06-03T11:33:06","guid":{"rendered":"http:\/\/spc.udec.cl\/?page_id=2"},"modified":"2024-12-10T16:42:09","modified_gmt":"2024-12-10T16:42:09","slug":"el-seminario","status":"publish","type":"page","link":"https:\/\/bibframe.udec.cl\/index.php\/el-seminario\/","title":{"rendered":"SEMINARIO"},"content":{"rendered":"\n<div class=\"wp-block-group\"><div class=\"wp-block-group__inner-container is-layout-flow wp-block-group-is-layout-flow\">\n<div class=\"wp-block-columns is-layout-flex wp-container-core-columns-is-layout-1 wp-block-columns-is-layout-flex\">\n<div class=\"wp-block-column is-layout-flow wp-block-column-is-layout-flow\" style=\"flex-basis:100%\">\n<div class=\"wp-block-group\"><div class=\"wp-block-group__inner-container is-layout-flow wp-block-group-is-layout-flow\">\n<div style=\"text-align: justify;\">\n<p><\/p>\nOrganizado por la <b> Direcci\u00f3n de Bibliotecas de la Universidad de Concepci\u00f3n <\/b> (UdeC), este seminario busca explorar las oportunidades transformadoras que los datos enlazados ofrecen al mundo de las bibliotecas. A trav\u00e9s de una jornada dedicada a la innovaci\u00f3n y la tecnolog\u00eda, expertos nacionales e internacionales se reunir\u00e1n para discutir c\u00f3mo las bibliotecas pueden adaptarse a un entorno digital cada vez m\u00e1s interconectado.\n<p><\/p>\nEl seminario tiene como objetivo principal fomentar el conocimiento y la adopci\u00f3n de tecnolog\u00edas de datos enlazados en el \u00e1mbito bibliotecario, promoviendo su integraci\u00f3n como herramienta clave para mejorar el acceso, la visibilidad y la interoperabilidad de los recursos bibliogr\u00e1ficos. A trav\u00e9s del intercambio de experiencias y mejores pr\u00e1cticas, busca capacitar a los profesionales de la informaci\u00f3n en la implementaci\u00f3n de est\u00e1ndares y herramientas innovadoras, contribuyendo al desarrollo de bibliotecas m\u00e1s conectadas y orientadas a las necesidades del usuario en la era digital.  \n<p><\/p>\nDirigido a bibliotecarios, gestores de informaci\u00f3n y profesionales interesados en la innovaci\u00f3n tecnol\u00f3gica, este evento es una oportunidad \u00fanica para profundizar en el futuro de las bibliotecas en la era de los datos conectados.  \n<p><\/p>\n<\/div>\n\n\n\n<div style=\"height:100px\" aria-hidden=\"true\" class=\"wp-block-spacer\"><\/div>\n\n\n\n<div style=\"height:35px\" aria-hidden=\"true\" class=\"wp-block-spacer\"><\/div>\n<\/div><\/div>\n<\/div>\n<\/div>\n<\/div><\/div>\n\n\n","protected":false},"excerpt":{"rendered":"<p>Organizado por la Direcci\u00f3n de Bibliotecas de la Universidad de Concepci\u00f3n (UdeC), este seminario busca explorar las oportunidades transformadoras que los datos enlazados ofrecen al &hellip; <\/p>\n","protected":false},"author":1,"featured_media":0,"parent":0,"menu_order":0,"comment_status":"closed","ping_status":"closed","template":"","meta":{"footnotes":""},"_links":{"self":[{"href":"https:\/\/bibframe.udec.cl\/index.php\/wp-json\/wp\/v2\/pages\/1554"}],"collection":[{"href":"https:\/\/bibframe.udec.cl\/index.php\/wp-json\/wp\/v2\/pages"}],"about":[{"href":"https:\/\/bibframe.udec.cl\/index.php\/wp-json\/wp\/v2\/types\/page"}],"author":[{"embeddable":true,"href":"https:\/\/bibframe.udec.cl\/index.php\/wp-json\/wp\/v2\/users\/1"}],"replies":[{"embeddable":true,"href":"https:\/\/bibframe.udec.cl\/index.php\/wp-json\/wp\/v2\/comments?post=1554"}],"version-history":[{"count":52,"href":"https:\/\/bibframe.udec.cl\/index.php\/wp-json\/wp\/v2\/pages\/1554\/revisions"}],"predecessor-version":[{"id":2780,"href":"https:\/\/bibframe.udec.cl\/index.php\/wp-json\/wp\/v2\/pages\/1554\/revisions\/2780"}],"wp:attachment":[{"href":"https:\/\/bibframe.udec.cl\/index.php\/wp-json\/wp\/v2\/media?parent=1554"}],"curies":[{"name":"wp","href":"https:\/\/api.w.org\/{rel}","templated":true}]}}