{"id":34,"date":"2019-06-04T15:06:01","date_gmt":"2019-06-04T15:06:01","guid":{"rendered":"http:\/\/spc.udec.cl\/?page_id=34"},"modified":"2024-01-12T11:55:26","modified_gmt":"2024-01-12T11:55:26","slug":"programa","status":"publish","type":"page","link":"https:\/\/bibframe.udec.cl\/2024\/index.php\/programa\/","title":{"rendered":"PROGRAMA"},"content":{"rendered":"\n<h2 class=\"wp-block-heading has-text-align-center\">10 de enero <\/h2>\n\n\n\n<h3 class=\"wp-block-heading has-text-align-left\"><em>  <\/em> Lugar: Auditorio &#8220;Sergio May Colvin&#8221;, Unidad Santiago, Universidad de Concepci\u00f3n<\/h3>\n\n\n\n<div class=\"wp-block-columns are-vertically-aligned-center is-layout-flex wp-container-core-columns-is-layout-2 wp-block-columns-is-layout-flex\">\n<div class=\"wp-block-column is-vertically-aligned-center is-layout-flow wp-block-column-is-layout-flow\" style=\"flex-basis:100%\">\n<div class=\"wp-block-group is-vertical is-layout-flex wp-container-core-group-is-layout-2 wp-block-group-is-layout-flex\">\n<div class=\"wp-block-columns is-layout-flex wp-container-core-columns-is-layout-1 wp-block-columns-is-layout-flex\">\n<div class=\"wp-block-column is-layout-flow wp-block-column-is-layout-flow\" style=\"flex-basis:100%\">\n<div class=\"wp-block-group\"><div class=\"wp-block-group__inner-container is-layout-constrained wp-block-group-is-layout-constrained\">\n<figure class=\"wp-block-table aligncenter is-style-stripes\"><table class=\"has-fixed-layout\"><thead><tr><th class=\"has-text-align-left\" data-align=\"left\"> HORA<\/th><th class=\"has-text-align-left\" data-align=\"left\">T\u00cdTULO DE PRESENTACI\u00d3N<\/th><th class=\"has-text-align-left\" data-align=\"left\">PRESENTA <\/th><\/tr><\/thead><tbody><tr><td class=\"has-text-align-left\" data-align=\"left\">08.30 \u2013 09.20<\/td><td class=\"has-text-align-left\" data-align=\"left\"><strong><em>Acreditaci\u00f3n \/ Entrega de equipos de traducci\u00f3n simult\u00e1nea<\/em><\/strong><\/td><td class=\"has-text-align-left\" data-align=\"left\"><\/td><\/tr><tr><td class=\"has-text-align-left\" data-align=\"left\">09.20 \u2013 09.30<\/td><td class=\"has-text-align-left\" data-align=\"left\"><strong><em>Saludo inaugural<\/em><\/strong> <\/td><td class=\"has-text-align-left\" data-align=\"left\">Karen Jara Maricic, Directora Bibliotecas Universidad de Concepci\u00f3n, Chile.<\/td><\/tr><tr><td class=\"has-text-align-left\" data-align=\"left\">09.35 &#8211; 10.20<\/td><td class=\"has-text-align-left\" data-align=\"left\"><strong><em>Charla Magistral:<\/em><\/strong> <em>LUX: Haciendo los datos abiertos enlazados m\u00e1s utilizables para iluminar las colecciones de los museos, bibliotecas y archivos de Yale University.<\/em><\/td><td class=\"has-text-align-left\" data-align=\"left\">Timothy Thompson, Bibliotecario para la Investigaci\u00f3n de Metadatos Aplicados, Universidad de Yale, Estados Unidos.<\/td><\/tr><tr><td class=\"has-text-align-left\" data-align=\"left\">10.25 &#8211; 11.05<\/td><td class=\"has-text-align-left\" data-align=\"left\"><strong><em>Ponencia:<\/em><\/strong> <em>FOLIO: Una iniciativa de las bibliotecas, para las bibliotecas.<\/em><\/td><td class=\"has-text-align-left\" data-align=\"left\">Gar Syndor, Vicepresidente Ejecutivo de FOLIO e Investigaci\u00f3n en Sistemas de Software, Ebsco, Estados Unidos.<\/td><\/tr><tr><td class=\"has-text-align-left\" data-align=\"left\">11.10 &#8211; 11.40 <\/td><td class=\"has-text-align-left\" data-align=\"left\"> <strong><em>Caf\u00e9<\/em><\/strong><\/td><td class=\"has-text-align-left\" data-align=\"left\"><\/td><\/tr><tr><td class=\"has-text-align-left\" data-align=\"left\">11.45 &#8211; 12.30<\/td><td class=\"has-text-align-left\" data-align=\"left\"><strong><em>Ponencia: <\/em><\/strong><em>Datos enlazados &#8211; expandiendo las mentalidades: C\u00f3mo las bibliotecas redefinen el conocimiento<\/em>.<\/td><td class=\"has-text-align-left\" data-align=\"left\">Gloria Gonz\u00e1lez, Jefa de Innovaci\u00f3n y Dise\u00f1o para Linked Data Ebsco, Estados Unidos.<\/td><\/tr><tr><td class=\"has-text-align-left\" data-align=\"left\">12.35 &#8211; 13.20<\/td><td class=\"has-text-align-left\" data-align=\"left\"><strong><em>Ponencia<\/em><\/strong><em style=\"font-weight: bold;\">: <\/em><em>Bibframe y Linked Data: Desarrollo e implementaci\u00f3n en la Universidad de Concepci\u00f3n.<\/em><\/td><td class=\"has-text-align-left\" data-align=\"left\">\u00c1lvaro L\u00f3pez Bustamante, Jefe de Unidad de Gesti\u00f3n y An\u00e1lisis de Recursos de Informaci\u00f3n, Universidad de Concepci\u00f3n, Chile.<\/td><\/tr><tr><td class=\"has-text-align-left\" data-align=\"left\">13.20 &#8211; 15.00<\/td><td class=\"has-text-align-left\" data-align=\"left\"><strong><em>Almuerzo<\/em><\/strong><\/td><td class=\"has-text-align-left\" data-align=\"left\"><\/td><\/tr><tr><td class=\"has-text-align-left\" data-align=\"left\">15.05 &#8211; 16.05<\/td><td class=\"has-text-align-left\" data-align=\"left\"><em><strong>Panel Grupo Latinoamericano de Datos Enlazados y Bibframe (GRULADEB):<\/strong> Bibframe, Linked Data y el futuro de las bibliotecas.  <\/em><br><\/td><td class=\"has-text-align-left\" data-align=\"left\">Sebasti\u00e1n G\u00f3mez Lozano, Gestor de Informaci\u00f3n, Sistema de Bibliotecas Universidad de Bogot\u00e1 Jorge Tadeo Lozano, Colombia.<\/td><\/tr><tr><td class=\"has-text-align-left\" data-align=\"left\"><\/td><td class=\"has-text-align-left\" data-align=\"left\"><\/td><td class=\"has-text-align-left\" data-align=\"left\">Cristian Chisaba Pereira, Director Sistema de Bibliotecas Universidad Distrital Francisco Jos\u00e9 de Caldas, Colombia.  <\/td><\/tr><tr><td class=\"has-text-align-left\" data-align=\"left\"><\/td><td class=\"has-text-align-left\" data-align=\"left\"><\/td><td class=\"has-text-align-left\" data-align=\"left\">Rafael Castillo Guerrero, Jefe Unidad de Gesti\u00f3n Sistema de Bibliotecas Universidad de Chile, Chile.<\/td><\/tr><tr><td class=\"has-text-align-left\" data-align=\"left\"><\/td><td class=\"has-text-align-left\" data-align=\"left\"><\/td><td class=\"has-text-align-left\" data-align=\"left\"><strong>Modera: <\/strong>\u00c1lvaro L\u00f3pez Bustamante, Universidad de Concepci\u00f3n &#8211; Chile.<\/td><\/tr><tr><td class=\"has-text-align-left\" data-align=\"left\">16.05 &#8211; 16.35<\/td><td class=\"has-text-align-left\" data-align=\"left\"><strong><em>Cierre \/ Entrega de certificados <\/em><\/strong><\/td><td class=\"has-text-align-left\" data-align=\"left\"><\/td><\/tr><\/tbody><\/table><\/figure>\n<\/div><\/div>\n<\/div>\n<\/div>\n<\/div>\n<\/div>\n<\/div>\n\n\n\n<p><\/p>\n","protected":false},"excerpt":{"rendered":"<p>10 de enero Lugar: Auditorio &#8220;Sergio May Colvin&#8221;, Unidad Santiago, Universidad de Concepci\u00f3n HORA T\u00cdTULO DE PRESENTACI\u00d3N PRESENTA 08.30 \u2013 09.20 Acreditaci\u00f3n \/ Entrega de equipos de traducci\u00f3n simult\u00e1nea 09.20 \u2013 09.30 Saludo inaugural Karen Jara Maricic, Directora Bibliotecas Universidad de Concepci\u00f3n, Chile. 09.35 &#8211; 10.20 Charla Magistral: LUX: Haciendo los datos abiertos enlazados m\u00e1s &hellip; <\/p>\n","protected":false},"author":2,"featured_media":0,"parent":0,"menu_order":0,"comment_status":"closed","ping_status":"closed","template":"","meta":{"footnotes":""},"_links":{"self":[{"href":"https:\/\/bibframe.udec.cl\/2024\/index.php\/wp-json\/wp\/v2\/pages\/34"}],"collection":[{"href":"https:\/\/bibframe.udec.cl\/2024\/index.php\/wp-json\/wp\/v2\/pages"}],"about":[{"href":"https:\/\/bibframe.udec.cl\/2024\/index.php\/wp-json\/wp\/v2\/types\/page"}],"author":[{"embeddable":true,"href":"https:\/\/bibframe.udec.cl\/2024\/index.php\/wp-json\/wp\/v2\/users\/2"}],"replies":[{"embeddable":true,"href":"https:\/\/bibframe.udec.cl\/2024\/index.php\/wp-json\/wp\/v2\/comments?post=34"}],"version-history":[{"count":155,"href":"https:\/\/bibframe.udec.cl\/2024\/index.php\/wp-json\/wp\/v2\/pages\/34\/revisions"}],"predecessor-version":[{"id":2661,"href":"https:\/\/bibframe.udec.cl\/2024\/index.php\/wp-json\/wp\/v2\/pages\/34\/revisions\/2661"}],"wp:attachment":[{"href":"https:\/\/bibframe.udec.cl\/2024\/index.php\/wp-json\/wp\/v2\/media?parent=34"}],"curies":[{"name":"wp","href":"https:\/\/api.w.org\/{rel}","templated":true}]}}