{"id":2672,"date":"2024-01-12T11:53:40","date_gmt":"2024-01-12T11:53:40","guid":{"rendered":"http:\/\/bibframe.udec.cl\/?page_id=2672"},"modified":"2024-01-15T16:42:48","modified_gmt":"2024-01-15T16:42:48","slug":"presentaciones-2","status":"publish","type":"page","link":"https:\/\/bibframe.udec.cl\/2024\/index.php\/presentaciones-2\/","title":{"rendered":"PRESENTACIONES"},"content":{"rendered":"\n<hr class=\"wp-block-separator aligncenter has-css-opacity is-style-wide\"\/>\n\n\n\n<div class=\"wp-block-columns is-layout-flex wp-container-core-columns-is-layout-2 wp-block-columns-is-layout-flex\">\n<div class=\"wp-block-column is-vertically-aligned-stretch is-layout-flow wp-block-column-is-layout-flow\">\n<div class=\"wp-block-columns is-layout-flex wp-container-core-columns-is-layout-1 wp-block-columns-is-layout-flex\">\n<div class=\"wp-block-column is-vertically-aligned-center is-layout-flow wp-block-column-is-layout-flow\"><div class=\"wp-block-image\">\n<figure class=\"aligncenter size-full is-resized\"><a href=\"http:\/\/bibframe.udec.cl\/wp-content\/uploads\/2024\/01\/Tim-Thompson-1.pdf\"><img loading=\"lazy\" decoding=\"async\" width=\"512\" height=\"512\" src=\"http:\/\/bibframe.udec.cl\/wp-content\/uploads\/2024\/01\/unnamed.png\" alt=\"\" class=\"wp-image-2668\" style=\"width:99px;height:auto\" srcset=\"https:\/\/bibframe.udec.cl\/2024\/wp-content\/uploads\/2024\/01\/unnamed.png 512w, https:\/\/bibframe.udec.cl\/2024\/wp-content\/uploads\/2024\/01\/unnamed-300x300.png 300w, https:\/\/bibframe.udec.cl\/2024\/wp-content\/uploads\/2024\/01\/unnamed-150x150.png 150w, https:\/\/bibframe.udec.cl\/2024\/wp-content\/uploads\/2024\/01\/unnamed-470x470.png 470w\" sizes=\"(max-width: 512px) 100vw, 512px\" \/><\/a><\/figure><\/div><\/div>\n\n\n\n<div class=\"wp-block-column is-vertically-aligned-top is-layout-flow wp-block-column-is-layout-flow\">\n<p class=\"has-text-align-left\"><strong><em> Timothy Thompson<\/em><\/strong><\/p>\n\n\n\n<p class=\"has-text-align-left\">LUX: Haciendo los datos abiertos enlazados m\u00e1s utilizables para iluminar las colecciones de los museos, bibliotecas y archivos de Yale University.<\/p>\n\n\n\n<p class=\"has-text-align-center\"> <\/p>\n<\/div>\n<\/div>\n<\/div>\n<\/div>\n\n\n\n<div class=\"wp-block-columns is-layout-flex wp-container-core-columns-is-layout-4 wp-block-columns-is-layout-flex\">\n<div class=\"wp-block-column is-vertically-aligned-stretch is-layout-flow wp-block-column-is-layout-flow\">\n<div class=\"wp-block-columns is-layout-flex wp-container-core-columns-is-layout-3 wp-block-columns-is-layout-flex\">\n<div class=\"wp-block-column is-vertically-aligned-center is-layout-flow wp-block-column-is-layout-flow\"><div class=\"wp-block-image\">\n<figure class=\"aligncenter size-full is-resized\"><a href=\"http:\/\/bibframe.udec.cl\/wp-content\/uploads\/2024\/01\/Lidiette-Quesada.pdf\"><img loading=\"lazy\" decoding=\"async\" width=\"512\" height=\"512\" src=\"http:\/\/bibframe.udec.cl\/wp-content\/uploads\/2024\/01\/unnamed.png\" alt=\"\" class=\"wp-image-2668\" style=\"width:99px;height:auto\" srcset=\"https:\/\/bibframe.udec.cl\/2024\/wp-content\/uploads\/2024\/01\/unnamed.png 512w, https:\/\/bibframe.udec.cl\/2024\/wp-content\/uploads\/2024\/01\/unnamed-300x300.png 300w, https:\/\/bibframe.udec.cl\/2024\/wp-content\/uploads\/2024\/01\/unnamed-150x150.png 150w, https:\/\/bibframe.udec.cl\/2024\/wp-content\/uploads\/2024\/01\/unnamed-470x470.png 470w\" sizes=\"(max-width: 512px) 100vw, 512px\" \/><\/a><\/figure><\/div><\/div>\n\n\n\n<div class=\"wp-block-column is-vertically-aligned-top is-layout-flow wp-block-column-is-layout-flow\">\n<p class=\"has-text-align-left\"><strong><em> Lidiette Quesada<\/em><\/strong><\/p>\n\n\n\n<p>FOLIO: Una iniciativa de las bibliotecas, para las bibliotecas.<\/p>\n\n\n\n<p class=\"has-text-align-center\"> <\/p>\n<\/div>\n<\/div>\n<\/div>\n<\/div>\n\n\n\n<div class=\"wp-block-columns is-layout-flex wp-container-core-columns-is-layout-6 wp-block-columns-is-layout-flex\">\n<div class=\"wp-block-column is-vertically-aligned-stretch is-layout-flow wp-block-column-is-layout-flow\">\n<div class=\"wp-block-columns is-layout-flex wp-container-core-columns-is-layout-5 wp-block-columns-is-layout-flex\">\n<div class=\"wp-block-column is-vertically-aligned-center is-layout-flow wp-block-column-is-layout-flow\"><div class=\"wp-block-image\">\n<figure class=\"aligncenter size-full is-resized\"><a href=\"http:\/\/bibframe.udec.cl\/wp-content\/uploads\/2024\/01\/Gloria-Gonzalez.pdf\"><img loading=\"lazy\" decoding=\"async\" width=\"512\" height=\"512\" src=\"http:\/\/bibframe.udec.cl\/wp-content\/uploads\/2024\/01\/unnamed.png\" alt=\"\" class=\"wp-image-2668\" style=\"width:99px;height:auto\" srcset=\"https:\/\/bibframe.udec.cl\/2024\/wp-content\/uploads\/2024\/01\/unnamed.png 512w, https:\/\/bibframe.udec.cl\/2024\/wp-content\/uploads\/2024\/01\/unnamed-300x300.png 300w, https:\/\/bibframe.udec.cl\/2024\/wp-content\/uploads\/2024\/01\/unnamed-150x150.png 150w, https:\/\/bibframe.udec.cl\/2024\/wp-content\/uploads\/2024\/01\/unnamed-470x470.png 470w\" sizes=\"(max-width: 512px) 100vw, 512px\" \/><\/a><\/figure><\/div><\/div>\n\n\n\n<div class=\"wp-block-column is-vertically-aligned-top is-layout-flow wp-block-column-is-layout-flow\">\n<p class=\"has-text-align-left\"><strong><em> Gloria Gonz\u00e1lez<\/em><\/strong><\/p>\n\n\n\n<p class=\"has-text-align-left\">Datos enlazados \u2013 expandiendo las mentalidades: C\u00f3mo las bibliotecas redefinen el conocimiento.<\/p>\n\n\n\n<p class=\"has-text-align-center\"> <\/p>\n<\/div>\n<\/div>\n<\/div>\n<\/div>\n\n\n\n<div class=\"wp-block-columns is-layout-flex wp-container-core-columns-is-layout-8 wp-block-columns-is-layout-flex\">\n<div class=\"wp-block-column is-vertically-aligned-stretch is-layout-flow wp-block-column-is-layout-flow\">\n<div class=\"wp-block-columns is-layout-flex wp-container-core-columns-is-layout-7 wp-block-columns-is-layout-flex\">\n<div class=\"wp-block-column is-vertically-aligned-center is-layout-flow wp-block-column-is-layout-flow\"><div class=\"wp-block-image\">\n<figure class=\"aligncenter size-full is-resized\"><a href=\"http:\/\/bibframe.udec.cl\/wp-content\/uploads\/2024\/01\/Alvaro-Lopez.pdf\"><img loading=\"lazy\" decoding=\"async\" width=\"512\" height=\"512\" src=\"http:\/\/bibframe.udec.cl\/wp-content\/uploads\/2024\/01\/unnamed.png\" alt=\"\" class=\"wp-image-2668\" style=\"width:99px;height:auto\" srcset=\"https:\/\/bibframe.udec.cl\/2024\/wp-content\/uploads\/2024\/01\/unnamed.png 512w, https:\/\/bibframe.udec.cl\/2024\/wp-content\/uploads\/2024\/01\/unnamed-300x300.png 300w, https:\/\/bibframe.udec.cl\/2024\/wp-content\/uploads\/2024\/01\/unnamed-150x150.png 150w, https:\/\/bibframe.udec.cl\/2024\/wp-content\/uploads\/2024\/01\/unnamed-470x470.png 470w\" sizes=\"(max-width: 512px) 100vw, 512px\" \/><\/a><\/figure><\/div><\/div>\n\n\n\n<div class=\"wp-block-column is-vertically-aligned-top is-layout-flow wp-block-column-is-layout-flow\">\n<p class=\"has-text-align-left\"><strong><em> \u00c1lvaro L\u00f3pez<\/em><\/strong><\/p>\n\n\n\n<p class=\"has-text-align-left\">Bibframe y Linked Data: Desarrollo e implementaci\u00f3n en la Universidad de Concepci\u00f3n.<\/p>\n\n\n\n<p class=\"has-text-align-center\"> <\/p>\n<\/div>\n<\/div>\n<\/div>\n<\/div>\n\n\n\n<div class=\"wp-block-columns is-layout-flex wp-container-core-columns-is-layout-10 wp-block-columns-is-layout-flex\">\n<div class=\"wp-block-column is-vertically-aligned-stretch is-layout-flow wp-block-column-is-layout-flow\">\n<div class=\"wp-block-columns is-layout-flex wp-container-core-columns-is-layout-9 wp-block-columns-is-layout-flex\">\n<div class=\"wp-block-column is-vertically-aligned-center is-layout-flow wp-block-column-is-layout-flow\"><div class=\"wp-block-image\">\n<figure class=\"aligncenter size-full is-resized\"><a href=\"http:\/\/bibframe.udec.cl\/wp-content\/uploads\/2024\/01\/Sebastian-Gomez.pdf\"><img loading=\"lazy\" decoding=\"async\" width=\"512\" height=\"512\" src=\"http:\/\/bibframe.udec.cl\/wp-content\/uploads\/2024\/01\/unnamed.png\" alt=\"\" class=\"wp-image-2668\" style=\"width:99px;height:auto\" srcset=\"https:\/\/bibframe.udec.cl\/2024\/wp-content\/uploads\/2024\/01\/unnamed.png 512w, https:\/\/bibframe.udec.cl\/2024\/wp-content\/uploads\/2024\/01\/unnamed-300x300.png 300w, https:\/\/bibframe.udec.cl\/2024\/wp-content\/uploads\/2024\/01\/unnamed-150x150.png 150w, https:\/\/bibframe.udec.cl\/2024\/wp-content\/uploads\/2024\/01\/unnamed-470x470.png 470w\" sizes=\"(max-width: 512px) 100vw, 512px\" \/><\/a><\/figure><\/div><\/div>\n\n\n\n<div class=\"wp-block-column is-vertically-aligned-top is-layout-flow wp-block-column-is-layout-flow\">\n<p class=\"has-text-align-left\"><strong><em> Sebasti\u00e1n G\u00f3mez<\/em><\/strong><\/p>\n\n\n\n<p class=\"has-text-align-left\">Bibframe.<\/p>\n\n\n\n<p class=\"has-text-align-center\"> <\/p>\n<\/div>\n<\/div>\n<\/div>\n<\/div>\n\n\n\n<div class=\"wp-block-columns is-layout-flex wp-container-core-columns-is-layout-12 wp-block-columns-is-layout-flex\">\n<div class=\"wp-block-column is-vertically-aligned-stretch is-layout-flow wp-block-column-is-layout-flow\">\n<div class=\"wp-block-columns is-layout-flex wp-container-core-columns-is-layout-11 wp-block-columns-is-layout-flex\">\n<div class=\"wp-block-column is-vertically-aligned-center is-layout-flow wp-block-column-is-layout-flow\"><div class=\"wp-block-image\">\n<figure class=\"aligncenter size-full is-resized\"><a href=\"http:\/\/bibframe.udec.cl\/wp-content\/uploads\/2024\/01\/Cristian-Chisaba.pdf\"><img loading=\"lazy\" decoding=\"async\" width=\"512\" height=\"512\" src=\"http:\/\/bibframe.udec.cl\/wp-content\/uploads\/2024\/01\/unnamed.png\" alt=\"\" class=\"wp-image-2668\" style=\"width:99px;height:auto\" srcset=\"https:\/\/bibframe.udec.cl\/2024\/wp-content\/uploads\/2024\/01\/unnamed.png 512w, https:\/\/bibframe.udec.cl\/2024\/wp-content\/uploads\/2024\/01\/unnamed-300x300.png 300w, https:\/\/bibframe.udec.cl\/2024\/wp-content\/uploads\/2024\/01\/unnamed-150x150.png 150w, https:\/\/bibframe.udec.cl\/2024\/wp-content\/uploads\/2024\/01\/unnamed-470x470.png 470w\" sizes=\"(max-width: 512px) 100vw, 512px\" \/><\/a><\/figure><\/div><\/div>\n\n\n\n<div class=\"wp-block-column is-vertically-aligned-top is-layout-flow wp-block-column-is-layout-flow\">\n<p class=\"has-text-align-left\"><strong><em> Cristian Chisaba <\/em><\/strong><\/p>\n\n\n\n<p>La transici\u00f3n del Linked data y la perspectiva hacia la gesti\u00f3n del conocimiento.<\/p>\n\n\n\n<p class=\"has-text-align-center\"> <\/p>\n<\/div>\n<\/div>\n<\/div>\n<\/div>\n\n\n\n<div class=\"wp-block-columns is-layout-flex wp-container-core-columns-is-layout-14 wp-block-columns-is-layout-flex\">\n<div class=\"wp-block-column is-vertically-aligned-stretch is-layout-flow wp-block-column-is-layout-flow\">\n<div class=\"wp-block-columns is-layout-flex wp-container-core-columns-is-layout-13 wp-block-columns-is-layout-flex\">\n<div class=\"wp-block-column is-vertically-aligned-center is-layout-flow wp-block-column-is-layout-flow\"><div class=\"wp-block-image\">\n<figure class=\"aligncenter size-full is-resized\"><a href=\"http:\/\/bibframe.udec.cl\/wp-content\/uploads\/2024\/01\/Rafel-Castillo.pdf\"><img loading=\"lazy\" decoding=\"async\" width=\"512\" height=\"512\" src=\"http:\/\/bibframe.udec.cl\/wp-content\/uploads\/2024\/01\/unnamed.png\" alt=\"\" class=\"wp-image-2668\" style=\"width:99px;height:auto\" srcset=\"https:\/\/bibframe.udec.cl\/2024\/wp-content\/uploads\/2024\/01\/unnamed.png 512w, https:\/\/bibframe.udec.cl\/2024\/wp-content\/uploads\/2024\/01\/unnamed-300x300.png 300w, https:\/\/bibframe.udec.cl\/2024\/wp-content\/uploads\/2024\/01\/unnamed-150x150.png 150w, https:\/\/bibframe.udec.cl\/2024\/wp-content\/uploads\/2024\/01\/unnamed-470x470.png 470w\" sizes=\"(max-width: 512px) 100vw, 512px\" \/><\/a><\/figure><\/div><\/div>\n\n\n\n<div class=\"wp-block-column is-vertically-aligned-top is-layout-flow wp-block-column-is-layout-flow\">\n<p class=\"has-text-align-left\"><strong><em> Rafael Castillo<\/em><\/strong><\/p>\n\n\n\n<p class=\"has-text-align-left\">Bibframe. Entender lo profundo, hacerlo simple.<\/p>\n\n\n\n<p class=\"has-text-align-center\"> <\/p>\n<\/div>\n<\/div>\n<\/div>\n<\/div>\n\n\n\n<div class=\"wp-block-columns are-vertically-aligned-center is-layout-flex wp-container-core-columns-is-layout-15 wp-block-columns-is-layout-flex\">\n<div class=\"wp-block-column is-layout-flow wp-block-column-is-layout-flow\"><\/div>\n\n\n\n<div class=\"wp-block-column is-layout-flow wp-block-column-is-layout-flow\"><\/div>\n<\/div>\n\n\n\n<div class=\"wp-block-columns are-vertically-aligned-center is-layout-flex wp-container-core-columns-is-layout-17 wp-block-columns-is-layout-flex\">\n<div class=\"wp-block-column is-vertically-aligned-center is-layout-flow wp-block-column-is-layout-flow\">\n<div class=\"wp-block-columns are-vertically-aligned-center is-layout-flex wp-container-core-columns-is-layout-16 wp-block-columns-is-layout-flex\">\n<div class=\"wp-block-column is-layout-flow wp-block-column-is-layout-flow\"><\/div>\n\n\n\n<div class=\"wp-block-column is-layout-flow wp-block-column-is-layout-flow\"><\/div>\n<\/div>\n<\/div>\n<\/div>\n","protected":false},"excerpt":{"rendered":"<p>Timothy Thompson LUX: Haciendo los datos abiertos enlazados m\u00e1s utilizables para iluminar las colecciones de los museos, bibliotecas y archivos de Yale University. Lidiette Quesada FOLIO: Una iniciativa de las bibliotecas, para las bibliotecas. Gloria Gonz\u00e1lez Datos enlazados \u2013 expandiendo las mentalidades: C\u00f3mo las bibliotecas redefinen el conocimiento. \u00c1lvaro L\u00f3pez Bibframe y Linked Data: Desarrollo &hellip; <\/p>\n","protected":false},"author":3,"featured_media":0,"parent":0,"menu_order":0,"comment_status":"closed","ping_status":"closed","template":"","meta":{"footnotes":""},"_links":{"self":[{"href":"https:\/\/bibframe.udec.cl\/2024\/index.php\/wp-json\/wp\/v2\/pages\/2672"}],"collection":[{"href":"https:\/\/bibframe.udec.cl\/2024\/index.php\/wp-json\/wp\/v2\/pages"}],"about":[{"href":"https:\/\/bibframe.udec.cl\/2024\/index.php\/wp-json\/wp\/v2\/types\/page"}],"author":[{"embeddable":true,"href":"https:\/\/bibframe.udec.cl\/2024\/index.php\/wp-json\/wp\/v2\/users\/3"}],"replies":[{"embeddable":true,"href":"https:\/\/bibframe.udec.cl\/2024\/index.php\/wp-json\/wp\/v2\/comments?post=2672"}],"version-history":[{"count":13,"href":"https:\/\/bibframe.udec.cl\/2024\/index.php\/wp-json\/wp\/v2\/pages\/2672\/revisions"}],"predecessor-version":[{"id":2707,"href":"https:\/\/bibframe.udec.cl\/2024\/index.php\/wp-json\/wp\/v2\/pages\/2672\/revisions\/2707"}],"wp:attachment":[{"href":"https:\/\/bibframe.udec.cl\/2024\/index.php\/wp-json\/wp\/v2\/media?parent=2672"}],"curies":[{"name":"wp","href":"https:\/\/api.w.org\/{rel}","templated":true}]}}