{"id":1982,"date":"2022-06-16T09:21:00","date_gmt":"2022-06-16T09:21:00","guid":{"rendered":"http:\/\/vinculacionbib.udec.cl\/?page_id=1982"},"modified":"2024-01-12T12:00:41","modified_gmt":"2024-01-12T12:00:41","slug":"expositores","status":"publish","type":"page","link":"https:\/\/bibframe.udec.cl\/2024\/index.php\/expositores\/","title":{"rendered":"EXPOSITORES\/AS"},"content":{"rendered":"\n<hr class=\"wp-block-separator aligncenter has-css-opacity is-style-wide\"\/>\n\n\n\n<div class=\"wp-block-columns is-layout-flex wp-container-core-columns-is-layout-3 wp-block-columns-is-layout-flex\">\n<div class=\"wp-block-column is-vertically-aligned-stretch is-layout-flow wp-block-column-is-layout-flow\">\n<div class=\"wp-block-columns is-layout-flex wp-container-core-columns-is-layout-1 wp-block-columns-is-layout-flex\">\n<div class=\"wp-block-column is-vertically-aligned-center is-layout-flow wp-block-column-is-layout-flow\">\n<figure class=\"wp-block-image size-full is-style-rounded\"><img loading=\"lazy\" decoding=\"async\" width=\"300\" height=\"300\" src=\"http:\/\/bibframe.udec.cl\/wp-content\/uploads\/2023\/11\/Tim-Thompson.png\" alt=\"\" class=\"wp-image-2559\" srcset=\"https:\/\/bibframe.udec.cl\/2024\/wp-content\/uploads\/2023\/11\/Tim-Thompson.png 300w, https:\/\/bibframe.udec.cl\/2024\/wp-content\/uploads\/2023\/11\/Tim-Thompson-150x150.png 150w\" sizes=\"(max-width: 300px) 100vw, 300px\" \/><\/figure>\n<\/div>\n\n\n\n<div class=\"wp-block-column is-vertically-aligned-top is-layout-flow wp-block-column-is-layout-flow\">\n<p class=\"has-text-align-center\"><strong><em> Timothy Thompson<\/em><\/strong><\/p>\n\n\n\n<p class=\"has-text-align-center\">Bibliotecario para la Investigaci\u00f3n de Metadatos Aplicados<\/p>\n\n\n\n<p class=\"has-text-align-center\">Yale University, Estados Unidos <\/p>\n<\/div>\n<\/div>\n<\/div>\n\n\n\n<div class=\"wp-block-column is-vertically-aligned-center is-layout-flow wp-block-column-is-layout-flow\">\n<div class=\"wp-block-columns are-vertically-aligned-top is-layout-flex wp-container-core-columns-is-layout-2 wp-block-columns-is-layout-flex\">\n<div class=\"wp-block-column is-vertically-aligned-top is-layout-flow wp-block-column-is-layout-flow\">\n<figure class=\"wp-block-image size-full is-style-rounded\"><img loading=\"lazy\" decoding=\"async\" width=\"300\" height=\"300\" src=\"http:\/\/bibframe.udec.cl\/wp-content\/uploads\/2023\/11\/Gar-Sydnor.png\" alt=\"\" class=\"wp-image-2647\" srcset=\"https:\/\/bibframe.udec.cl\/2024\/wp-content\/uploads\/2023\/11\/Gar-Sydnor.png 300w, https:\/\/bibframe.udec.cl\/2024\/wp-content\/uploads\/2023\/11\/Gar-Sydnor-150x150.png 150w\" sizes=\"(max-width: 300px) 100vw, 300px\" \/><\/figure>\n<\/div>\n\n\n\n<div class=\"wp-block-column is-vertically-aligned-top is-layout-flow wp-block-column-is-layout-flow\">\n<p class=\"has-text-align-center\"><strong><em>Gar Sydnor<\/em><\/strong><\/p>\n\n\n\n<p class=\"has-text-align-center\">Vicepresidente Ejecutivo de FOLIO e Investigaci\u00f3n en Sistemas de Software<\/p>\n\n\n\n<p class=\"has-text-align-center\">Ebsco, Estados Unidos <\/p>\n<\/div>\n<\/div>\n<\/div>\n<\/div>\n\n\n\n<div class=\"wp-block-columns is-layout-flex wp-container-core-columns-is-layout-6 wp-block-columns-is-layout-flex\">\n<div class=\"wp-block-column is-vertically-aligned-stretch is-layout-flow wp-block-column-is-layout-flow\">\n<div class=\"wp-block-columns are-vertically-aligned-top is-layout-flex wp-container-core-columns-is-layout-4 wp-block-columns-is-layout-flex\">\n<div class=\"wp-block-column is-vertically-aligned-top is-layout-flow wp-block-column-is-layout-flow\">\n<figure class=\"wp-block-image size-full is-style-rounded\"><img loading=\"lazy\" decoding=\"async\" width=\"300\" height=\"300\" src=\"http:\/\/bibframe.udec.cl\/wp-content\/uploads\/2022\/11\/Gloria_.png\" alt=\"\" class=\"wp-image-2315\" srcset=\"https:\/\/bibframe.udec.cl\/2024\/wp-content\/uploads\/2022\/11\/Gloria_.png 300w, https:\/\/bibframe.udec.cl\/2024\/wp-content\/uploads\/2022\/11\/Gloria_-150x150.png 150w\" sizes=\"(max-width: 300px) 100vw, 300px\" \/><\/figure>\n<\/div>\n\n\n\n<div class=\"wp-block-column is-vertically-aligned-top is-layout-flow wp-block-column-is-layout-flow\">\n<p class=\"has-text-align-center\"><strong><em>Gloria Gonz\u00e1lez<\/em><\/strong><\/p>\n\n\n\n<p class=\"has-text-align-center\">Jefa de Innovaci\u00f3n y Dise\u00f1o para Linked Data<\/p>\n\n\n\n<p class=\"has-text-align-center\">Ebsco, Estados Unidos <\/p>\n<\/div>\n<\/div>\n<\/div>\n\n\n\n<div class=\"wp-block-column is-vertically-aligned-center is-layout-flow wp-block-column-is-layout-flow\">\n<div class=\"wp-block-columns are-vertically-aligned-top is-layout-flex wp-container-core-columns-is-layout-5 wp-block-columns-is-layout-flex\">\n<div class=\"wp-block-column is-vertically-aligned-top is-layout-flow wp-block-column-is-layout-flow\">\n<figure class=\"wp-block-image size-full is-style-rounded\"><img loading=\"lazy\" decoding=\"async\" width=\"300\" height=\"300\" src=\"http:\/\/bibframe.udec.cl\/wp-content\/uploads\/2023\/11\/Alvaro-Lopez.png\" alt=\"\" class=\"wp-image-2577\" srcset=\"https:\/\/bibframe.udec.cl\/2024\/wp-content\/uploads\/2023\/11\/Alvaro-Lopez.png 300w, https:\/\/bibframe.udec.cl\/2024\/wp-content\/uploads\/2023\/11\/Alvaro-Lopez-150x150.png 150w\" sizes=\"(max-width: 300px) 100vw, 300px\" \/><\/figure>\n<\/div>\n\n\n\n<div class=\"wp-block-column is-vertically-aligned-top is-layout-flow wp-block-column-is-layout-flow\">\n<p class=\"has-text-align-center\"><strong><em>\u00c1lvaro L\u00f3pez Bustamante<\/em><\/strong><\/p>\n\n\n\n<p class=\"has-text-align-center\">Jefe Unidad de Gesti\u00f3n y An\u00e1lisis de Recursos de Informaci\u00f3n<\/p>\n\n\n\n<p class=\"has-text-align-center\">Bibliotecas Universidad de Concepci\u00f3n, Chile<\/p>\n<\/div>\n<\/div>\n<\/div>\n<\/div>\n\n\n\n<h1 class=\"wp-block-heading\">Mesa Redonda <\/h1>\n\n\n\n<hr class=\"wp-block-separator has-alpha-channel-opacity is-style-wide\"\/>\n\n\n\n<div class=\"wp-block-columns is-layout-flex wp-container-core-columns-is-layout-10 wp-block-columns-is-layout-flex\">\n<div class=\"wp-block-column is-vertically-aligned-center is-layout-flow wp-block-column-is-layout-flow\">\n<div class=\"wp-block-columns are-vertically-aligned-top is-layout-flex wp-container-core-columns-is-layout-7 wp-block-columns-is-layout-flex\">\n<div class=\"wp-block-column is-vertically-aligned-top is-layout-flow wp-block-column-is-layout-flow\">\n<figure class=\"wp-block-image size-full is-style-rounded\"><img loading=\"lazy\" decoding=\"async\" width=\"300\" height=\"300\" src=\"http:\/\/bibframe.udec.cl\/wp-content\/uploads\/2023\/11\/Sebastian-Gomez.png\" alt=\"\" class=\"wp-image-2561\" srcset=\"https:\/\/bibframe.udec.cl\/2024\/wp-content\/uploads\/2023\/11\/Sebastian-Gomez.png 300w, https:\/\/bibframe.udec.cl\/2024\/wp-content\/uploads\/2023\/11\/Sebastian-Gomez-150x150.png 150w\" sizes=\"(max-width: 300px) 100vw, 300px\" \/><\/figure>\n<\/div>\n\n\n\n<div class=\"wp-block-column is-vertically-aligned-top is-layout-flow wp-block-column-is-layout-flow\">\n<p class=\"has-text-align-center\"><strong><em>Sebasti\u00e1n G\u00f3mez Lozano <\/em><\/strong><\/p>\n\n\n\n<p class=\"has-text-align-center\">Gestor de Informaci\u00f3n del Sistema de Bibliotecas  <\/p>\n\n\n\n<p class=\"has-text-align-center\"> Universidad de Bogot\u00e1 Jorge Tadeo Lozano, Colombia<\/p>\n<\/div>\n<\/div>\n<\/div>\n\n\n\n<div class=\"wp-block-column is-vertically-aligned-top is-layout-flow wp-block-column-is-layout-flow\">\n<div class=\"wp-block-columns is-layout-flex wp-container-core-columns-is-layout-9 wp-block-columns-is-layout-flex\">\n<div class=\"wp-block-column is-vertically-aligned-center is-layout-flow wp-block-column-is-layout-flow\">\n<figure class=\"wp-block-image size-full is-style-rounded\"><img loading=\"lazy\" decoding=\"async\" width=\"300\" height=\"300\" src=\"http:\/\/bibframe.udec.cl\/wp-content\/uploads\/2023\/11\/Cristian-Chisaba-.png\" alt=\"\" class=\"wp-image-2565\" srcset=\"https:\/\/bibframe.udec.cl\/2024\/wp-content\/uploads\/2023\/11\/Cristian-Chisaba-.png 300w, https:\/\/bibframe.udec.cl\/2024\/wp-content\/uploads\/2023\/11\/Cristian-Chisaba--150x150.png 150w\" sizes=\"(max-width: 300px) 100vw, 300px\" \/><\/figure>\n<\/div>\n\n\n\n<div class=\"wp-block-column is-vertically-aligned-top is-layout-flow wp-block-column-is-layout-flow\">\n<p class=\"has-text-align-center\"><strong><em>Cristian Chisaba Pereira<\/em><\/strong><\/p>\n\n\n\n<p class=\"has-text-align-center\">Director Sistema de Bibliotecas <\/p>\n\n\n\n<div class=\"wp-block-columns is-layout-flex wp-container-core-columns-is-layout-8 wp-block-columns-is-layout-flex\">\n<div class=\"wp-block-column is-layout-flow wp-block-column-is-layout-flow\">\n<p class=\"has-text-align-center\">Universidad Distrital Francisco Jos\u00e9 de Caldas, Colombia<\/p>\n<\/div>\n<\/div>\n<\/div>\n<\/div>\n<\/div>\n<\/div>\n\n\n\n<div class=\"wp-block-columns is-layout-flex wp-container-core-columns-is-layout-14 wp-block-columns-is-layout-flex\">\n<div class=\"wp-block-column is-vertically-aligned-center is-layout-flow wp-block-column-is-layout-flow\">\n<div class=\"wp-block-columns are-vertically-aligned-top is-layout-flex wp-container-core-columns-is-layout-11 wp-block-columns-is-layout-flex\">\n<div class=\"wp-block-column is-vertically-aligned-top is-layout-flow wp-block-column-is-layout-flow\">\n<figure class=\"wp-block-image size-full is-style-rounded\"><img loading=\"lazy\" decoding=\"async\" width=\"500\" height=\"500\" src=\"http:\/\/bibframe.udec.cl\/wp-content\/uploads\/2023\/11\/RafaelCastilloGuerrero.jpeg\" alt=\"\" class=\"wp-image-2641\" srcset=\"https:\/\/bibframe.udec.cl\/2024\/wp-content\/uploads\/2023\/11\/RafaelCastilloGuerrero.jpeg 500w, https:\/\/bibframe.udec.cl\/2024\/wp-content\/uploads\/2023\/11\/RafaelCastilloGuerrero-300x300.jpeg 300w, https:\/\/bibframe.udec.cl\/2024\/wp-content\/uploads\/2023\/11\/RafaelCastilloGuerrero-150x150.jpeg 150w, https:\/\/bibframe.udec.cl\/2024\/wp-content\/uploads\/2023\/11\/RafaelCastilloGuerrero-470x470.jpeg 470w\" sizes=\"(max-width: 500px) 100vw, 500px\" \/><\/figure>\n<\/div>\n\n\n\n<div class=\"wp-block-column is-vertically-aligned-top is-layout-flow wp-block-column-is-layout-flow\">\n<p class=\"has-text-align-center\"><strong><em>Rafael Castillo Guerrero<\/em><\/strong> <\/p>\n\n\n\n<p class=\"has-text-align-center\">Jefe Unidad de Gesti\u00f3n<\/p>\n\n\n\n<p class=\"has-text-align-center\"> Bibliotecas Universidad de Chile, Chile<\/p>\n<\/div>\n<\/div>\n<\/div>\n\n\n\n<div class=\"wp-block-column is-vertically-aligned-top is-layout-flow wp-block-column-is-layout-flow\">\n<div class=\"wp-block-columns is-layout-flex wp-container-core-columns-is-layout-13 wp-block-columns-is-layout-flex\">\n<div class=\"wp-block-column is-vertically-aligned-center is-layout-flow wp-block-column-is-layout-flow\">\n<figure class=\"wp-block-image size-full is-style-rounded\"><img loading=\"lazy\" decoding=\"async\" width=\"300\" height=\"300\" src=\"http:\/\/bibframe.udec.cl\/wp-content\/uploads\/2023\/11\/Alvaro-Lopez.png\" alt=\"\" class=\"wp-image-2577\" srcset=\"https:\/\/bibframe.udec.cl\/2024\/wp-content\/uploads\/2023\/11\/Alvaro-Lopez.png 300w, https:\/\/bibframe.udec.cl\/2024\/wp-content\/uploads\/2023\/11\/Alvaro-Lopez-150x150.png 150w\" sizes=\"(max-width: 300px) 100vw, 300px\" \/><\/figure>\n<\/div>\n\n\n\n<div class=\"wp-block-column is-vertically-aligned-top is-layout-flow wp-block-column-is-layout-flow\">\n<p class=\"has-text-align-center\"><strong><em>Modera: \u00c1lvaro L\u00f3pez Bustamante<\/em><\/strong><\/p>\n\n\n\n<p class=\"has-text-align-center\">Jefe Unidad de Gesti\u00f3n y An\u00e1lisis de Recursos de  Informaci\u00f3n   <\/p>\n\n\n\n<div class=\"wp-block-columns is-layout-flex wp-container-core-columns-is-layout-12 wp-block-columns-is-layout-flex\">\n<div class=\"wp-block-column is-layout-flow wp-block-column-is-layout-flow\">\n<p class=\"has-text-align-center\">Bibliotecas Universidad de Concepci\u00f3n, Chile<\/p>\n<\/div>\n<\/div>\n<\/div>\n<\/div>\n<\/div>\n<\/div>\n\n\n\n<div class=\"wp-block-columns are-vertically-aligned-center is-layout-flex wp-container-core-columns-is-layout-15 wp-block-columns-is-layout-flex\">\n<div class=\"wp-block-column is-layout-flow wp-block-column-is-layout-flow\"><\/div>\n\n\n\n<div class=\"wp-block-column is-layout-flow wp-block-column-is-layout-flow\"><\/div>\n<\/div>\n\n\n\n<div class=\"wp-block-columns are-vertically-aligned-center is-layout-flex wp-container-core-columns-is-layout-17 wp-block-columns-is-layout-flex\">\n<div class=\"wp-block-column is-vertically-aligned-center is-layout-flow wp-block-column-is-layout-flow\">\n<div class=\"wp-block-columns are-vertically-aligned-center is-layout-flex wp-container-core-columns-is-layout-16 wp-block-columns-is-layout-flex\">\n<div class=\"wp-block-column is-layout-flow wp-block-column-is-layout-flow\"><\/div>\n\n\n\n<div class=\"wp-block-column is-layout-flow wp-block-column-is-layout-flow\"><\/div>\n<\/div>\n<\/div>\n<\/div>\n","protected":false},"excerpt":{"rendered":"<p>Timothy Thompson Bibliotecario para la Investigaci\u00f3n de Metadatos Aplicados Yale University, Estados Unidos Gar Sydnor Vicepresidente Ejecutivo de FOLIO e Investigaci\u00f3n en Sistemas de Software Ebsco, Estados Unidos Gloria Gonz\u00e1lez Jefa de Innovaci\u00f3n y Dise\u00f1o para Linked Data Ebsco, Estados Unidos \u00c1lvaro L\u00f3pez Bustamante Jefe Unidad de Gesti\u00f3n y An\u00e1lisis de Recursos de Informaci\u00f3n Bibliotecas &hellip; <\/p>\n","protected":false},"author":1,"featured_media":0,"parent":0,"menu_order":0,"comment_status":"closed","ping_status":"closed","template":"","meta":{"footnotes":""},"_links":{"self":[{"href":"https:\/\/bibframe.udec.cl\/2024\/index.php\/wp-json\/wp\/v2\/pages\/1982"}],"collection":[{"href":"https:\/\/bibframe.udec.cl\/2024\/index.php\/wp-json\/wp\/v2\/pages"}],"about":[{"href":"https:\/\/bibframe.udec.cl\/2024\/index.php\/wp-json\/wp\/v2\/types\/page"}],"author":[{"embeddable":true,"href":"https:\/\/bibframe.udec.cl\/2024\/index.php\/wp-json\/wp\/v2\/users\/1"}],"replies":[{"embeddable":true,"href":"https:\/\/bibframe.udec.cl\/2024\/index.php\/wp-json\/wp\/v2\/comments?post=1982"}],"version-history":[{"count":98,"href":"https:\/\/bibframe.udec.cl\/2024\/index.php\/wp-json\/wp\/v2\/pages\/1982\/revisions"}],"predecessor-version":[{"id":2676,"href":"https:\/\/bibframe.udec.cl\/2024\/index.php\/wp-json\/wp\/v2\/pages\/1982\/revisions\/2676"}],"wp:attachment":[{"href":"https:\/\/bibframe.udec.cl\/2024\/index.php\/wp-json\/wp\/v2\/media?parent=1982"}],"curies":[{"name":"wp","href":"https:\/\/api.w.org\/{rel}","templated":true}]}}