{"id":1554,"date":"2019-06-03T11:33:06","date_gmt":"2019-06-03T11:33:06","guid":{"rendered":"http:\/\/spc.udec.cl\/?page_id=2"},"modified":"2024-01-25T15:29:14","modified_gmt":"2024-01-25T15:29:14","slug":"el-seminario","status":"publish","type":"page","link":"https:\/\/bibframe.udec.cl\/2024\/index.php\/el-seminario\/","title":{"rendered":"SEMINARIO"},"content":{"rendered":"\n<div class=\"wp-block-group\"><div class=\"wp-block-group__inner-container is-layout-flow wp-block-group-is-layout-flow\">\n<div class=\"wp-block-columns is-layout-flex wp-container-core-columns-is-layout-1 wp-block-columns-is-layout-flex\">\n<div class=\"wp-block-column is-layout-flow wp-block-column-is-layout-flow\" style=\"flex-basis:100%\">\n<div class=\"wp-block-group\"><div class=\"wp-block-group__inner-container is-layout-flow wp-block-group-is-layout-flow\">\n<div style=\"text-align: justify;\">\n<p><\/p>\nBibliotecas de la Universidad de Concepci\u00f3n invita a reflexionar acerca de c\u00f3mo Bibframe impactar\u00e1 a las bibliotecas tanto en su desempe\u00f1o como en su desarrollo futuro. \n<p><\/p>\nEl prop\u00f3sito de esta actividad se enfoca en la creaci\u00f3n de un espacio de dialogo, reflexi\u00f3n e intercambio de ideas acerca de las mejores pr\u00e1cticas, desaf\u00edos e investigaciones relacionadas con Bibframe, tanto a nivel local como en el contexto internacional.\n<p><\/p>\nDurante el evento, tendremos la oportunidad de o\u00edr a destacados profesionales de la informaci\u00f3n, quienes compartir\u00e1n sus puntos de vista, experiencias y mejores pr\u00e1cticas sobre Bibframe y Linked Data, enfoc\u00e1ndose en c\u00f3mo estas tecnolog\u00edas abren caminos hacia una apertura de las bibliotecas al mundo y una gesti\u00f3n m\u00e1s eficiente de la informaci\u00f3n. \n<p><\/p>\n<\/div>\n\n\n\n<div style=\"height:100px\" aria-hidden=\"true\" class=\"wp-block-spacer\"><\/div>\n\n\n\n<div style=\"height:35px\" aria-hidden=\"true\" class=\"wp-block-spacer\"><\/div>\n<\/div><\/div>\n<\/div>\n<\/div>\n<\/div><\/div>\n\n\n","protected":false},"excerpt":{"rendered":"<p>Bibliotecas de la Universidad de Concepci\u00f3n invita a reflexionar acerca de c\u00f3mo Bibframe impactar\u00e1 a las bibliotecas tanto en su desempe\u00f1o como en su desarrollo futuro. El prop\u00f3sito de esta actividad se enfoca en la creaci\u00f3n de un espacio de dialogo, reflexi\u00f3n e intercambio de ideas acerca de las mejores pr\u00e1cticas, desaf\u00edos e investigaciones relacionadas &hellip; <\/p>\n","protected":false},"author":1,"featured_media":0,"parent":0,"menu_order":0,"comment_status":"closed","ping_status":"closed","template":"","meta":{"footnotes":""},"_links":{"self":[{"href":"https:\/\/bibframe.udec.cl\/2024\/index.php\/wp-json\/wp\/v2\/pages\/1554"}],"collection":[{"href":"https:\/\/bibframe.udec.cl\/2024\/index.php\/wp-json\/wp\/v2\/pages"}],"about":[{"href":"https:\/\/bibframe.udec.cl\/2024\/index.php\/wp-json\/wp\/v2\/types\/page"}],"author":[{"embeddable":true,"href":"https:\/\/bibframe.udec.cl\/2024\/index.php\/wp-json\/wp\/v2\/users\/1"}],"replies":[{"embeddable":true,"href":"https:\/\/bibframe.udec.cl\/2024\/index.php\/wp-json\/wp\/v2\/comments?post=1554"}],"version-history":[{"count":37,"href":"https:\/\/bibframe.udec.cl\/2024\/index.php\/wp-json\/wp\/v2\/pages\/1554\/revisions"}],"predecessor-version":[{"id":2709,"href":"https:\/\/bibframe.udec.cl\/2024\/index.php\/wp-json\/wp\/v2\/pages\/1554\/revisions\/2709"}],"wp:attachment":[{"href":"https:\/\/bibframe.udec.cl\/2024\/index.php\/wp-json\/wp\/v2\/media?parent=1554"}],"curies":[{"name":"wp","href":"https:\/\/api.w.org\/{rel}","templated":true}]}}